{"id":601,"date":"2021-08-26T20:40:42","date_gmt":"2021-08-26T20:40:42","guid":{"rendered":"http:\/\/ccmcreativos.com\/ccmcreativos\/one-page-express\/"},"modified":"2021-09-16T21:11:00","modified_gmt":"2021-09-16T21:11:00","slug":"one-page-express","status":"publish","type":"page","link":"https:\/\/ccmcreativos.com\/ccmcreativos\/","title":{"rendered":"Front Page"},"content":{"rendered":"<div  id=\"overlapable-2\" style=\"background-color: #ffffff;\" data-label=\"Overlapable\" data-id=\"stripped-coloured-icon-boxes\" data-category=\"overlapable\" class=\"features-coloured-icon-boxes-section\" data-overlap=\"true\"> <div  class=\"gridContainer\"> <div  class=\"features-coloured-icon-boxes-innerrow flexbox-list dark-text\" data-type=\"row\"> <div  class=\"features-coloured-icon-boxes-featurecol cp3cols\"> <div  class=\"features-coloured-icon-boxes-iconcontainer\" data-content-item-container=\"true\"> <i  data-cp-fa=\"true\" class=\"features-coloured-icon fa fa-angle-down\"><\/i> <\/div> <h4  class=\"\">Promocionales<\/h4> <p  class=\"\">Art\u00edculos promocionales con tu logo en serigraf\u00eda, bordado, grabado laser, impresi\u00f3n UV.\n<br ><br >\n<br >\n<\/p> <a class=\"features-coloured-button\" href=\"https:\/\/ccmcreativos.com\/ccmcreativos\/contact-us\" marked=\"1\" target=\"_self\" rel=\"noopener\">MAS INFORMACION<\/a> <\/div> <div  class=\"features-coloured-icon-boxes-featurecol cp3cols\"> <div  class=\"features-coloured-icon-boxes-iconcontainer\" data-content-item-container=\"true\"> <i  data-cp-fa=\"true\" class=\"features-coloured-icon fa fa-angle-down\"><\/i> <\/div> <h4  class=\"\">Publicidad impresa<\/h4> <p  class=\"\">Medios impresos f\u00edsicamente: volantes. folletos, colgantes, tarjetas, etiquetas, posters, carteles, promocionales, Etc.\n\n<br ><\/p> <a class=\"features-coloured-button\" href=\"https:\/\/ccmcreativos.com\/ccmcreativos\/contact-us\" marked=\"1\" target=\"_self\" rel=\"noopener\">MAS INFORMACION<\/a> <\/div> <div  class=\"features-coloured-icon-boxes-featurecol cp3cols\"> <div  class=\"features-coloured-icon-boxes-iconcontainer\" data-content-item-container=\"true\"> <i  data-cp-fa=\"true\" class=\"features-coloured-icon fa fa-angle-down\"><\/i> <\/div> <h4  class=\"\">Rotulaci\u00f3n comercial.<\/h4> <p  class=\"\">R\u00f3tulos, lonas, banners,&nbsp; rotulacion de cualquier superficie comercial.\n\n<br ><br ><br >\n<\/p> <a class=\"features-coloured-button\" href=\"https:\/\/ccmcreativos.com\/ccmcreativos\/contact-us\" marked=\"1\" target=\"_self\" rel=\"noopener\">MAS INFORMACION<\/a> <\/div> <div  class=\"features-coloured-icon-boxes-featurecol cp3cols\"> <div  class=\"features-coloured-icon-boxes-iconcontainer\" data-content-item-container=\"true\"> <i  data-cp-fa=\"true\" class=\"features-coloured-icon fa fa-angle-down\"><\/i> <\/div> <h4  class=\"\">Bordados<\/h4> <p  class=\"\">Bordado de calidad. Personalizamos en alto relieve;&nbsp; tu marca con bordados exclusivos y acabados.\n<br >\n<\/p><a class=\"features-coloured-button\" href=\"https:\/\/ccmcreativos.com\/ccmcreativos\/contact-us\" marked=\"1\" target=\"_self\" rel=\"noopener\">MAS INFORMACION<\/a>  <\/div> <\/div> <\/div><\/div><div  id=\"about-1\" style=\"background-color: #f6f6f6;\" data-label=\"About\" data-id=\"about-big-images-section\" data-category=\"about\" class=\"about-big-images-section\"> <div  class=\"gridContainer\"> <div  class=\"about-big-images-textrow\"> <div  class=\"about-big-images-textcol dynamic-color\" data-type=\"column\"> <h5  class=\"\">NUESTRA EMPRESA<\/h5> <h3  class=\"\">Somos una empresa que ofrece soluciones integrales en publicidad a nuestros clientes, con productos innovadores y de la mejor calidad.<\/h3> <p  class=\"\">Estamos a sus \u00f3rdenes! Tenemos una infinita variedad de promocionales esperando a ser impresos CON SU LOGO O MARCA!  tenemos la soluci\u00f3n a sus problemas de publicidad impresa! <\/p> <a class=\"button blue big\" href=\"https:\/\/ccmcreativos.com\/ccmcreativos\/contact-us\" marked=\"1\" target=\"_self\" rel=\"noopener\">CONTACTENOS<\/a> <\/div> <\/div> <\/div> <div  class=\"about-big-images-bottomrow\"> <div  class=\"about-big-images-leftimgcol\"><img decoding=\"async\"  class=\"about-big-images-leftimg\" src=\"https:\/\/ccmcreativos.com\/ccmcreativos\/wp-content\/uploads\/2021\/08\/seg03.jpg\" alt=\"\"> <\/div> <div  class=\"about-big-images-centerimgcol\"><img decoding=\"async\"  class=\"about-big-images-centerimg\" src=\"https:\/\/ccmcreativos.com\/ccmcreativos\/wp-content\/uploads\/2021\/08\/camisasccm.jpg\" alt=\"\"> <\/div> <div  class=\"about-big-images-rightimgcol\"><img decoding=\"async\"  class=\"about-big-images-rightimg\" src=\"https:\/\/ccmcreativos.com\/ccmcreativos\/wp-content\/uploads\/2021\/08\/camisas2-2.png\" alt=\"\"> <\/div> <\/div> <\/div><div  id=\"cta-1\" data-label=\"Call to action\" data-id=\"cta-blue-section\" data-category=\"cta\" class=\"cta-blue-section\"> <div  class=\"gridContainer\"> <div  class=\"flexbox-list flexbox-list-align-center row\"> <div  class=\"cta-blue-textcol dynamic-color\"> <h2  class=\"cta-blue-text\"> <b  class=\"element2\"> Deja ya de imaginarlo. <\/b>Nosotros lo tenemos.<\/h2> <\/div> <div  class=\"cta-blue-btncol\"> <a class=\"button big yellow dark-text\" href=\"https:\/\/ccmcreativos.com\/ccmcreativos\/contact-us\" marked=\"1\" target=\"_blank\" rel=\"noopener\"> COTACTENOS <\/a> <\/div> <\/div> <\/div> <\/div><div  id=\"team-1\" style=\"background-color: #ffffff;\" data-label=\"Team\" data-id=\"team-colors-section\" data-category=\"team\" class=\"team-colors-section\"> <div  class=\"gridContainer\"> <div  class=\"team-colors-textcol dynamic-color\"> <h2 >Productos<\/h2> <p  class=\"\">Tenemos lo que necesitas<\/p> <\/div> <div  class=\"team-colors-membersrow dark-text\" data-type=\"row\"> <div  class=\"team-colors-membercol cp3cols cp6cols-tablet\"> <div  class=\"team-colors-membercard\"> <div  class=\"team-colors-background\"><\/div> <div  class=\"team-colors-memberinfo\" data-type=\"column\"><img decoding=\"async\"  class=\"team-colors-memberimg\" data-size=\"500x500\" src=\"https:\/\/ccmcreativos.com\/ccmcreativos\/wp-content\/uploads\/2021\/08\/cropped-articulos-promocionales-impresos-pachuca-e1439686597857.jpg\" alt=\"\"> <h4  class=\"team-colors-membername\">Promocionales<\/h4>  <p  class=\"\">Art\u00edculos promocionales con tu logo en serigraf\u00eda, bordado, grabado laser, impresi\u00f3n UV. \n<br ><br >\n<\/p>  <div  class=\"spacer\" data-type=\"group\"><span  class=\"fa before\"><\/span><i  class=\"fa fa-minus\"><\/i><span  class=\"fa after\"><\/span><\/div><\/div> <div  class=\"team-colors-membericons\" data-type=\"group\"> <a href=\"#\" marked=\"1\" target=\"_self\" data-reiki-hidden=\"true\" rel=\"noopener\"><i  data-cp-fa=\"true\" class=\"team-colors-icon fa fa-linkedin\"><\/i><\/a> <a href=\"#\" marked=\"1\" target=\"_self\" data-reiki-hidden=\"true\" rel=\"noopener\"><i  data-cp-fa=\"true\" class=\"fa team-colors-icon fa-twitter\"><\/i><\/a> <a href=\"#\" marked=\"1\" target=\"_self\" data-reiki-hidden=\"true\" rel=\"noopener\"><i  data-cp-fa=\"true\" class=\"fa team-colors-icon fa-dribbble\"><\/i><\/a> <\/div> <\/div> <\/div> <div  class=\"team-colors-membercol cp3cols cp6cols-tablet\"> <div  class=\"team-colors-membercard\"> <div  class=\"team-colors-background\"><\/div> <div  class=\"team-colors-memberinfo\" data-type=\"column\"><img decoding=\"async\"  class=\"team-colors-memberimg\" data-size=\"500x500\" src=\"https:\/\/ccmcreativos.com\/ccmcreativos\/wp-content\/uploads\/2021\/08\/cropped-impresa.jpg\" alt=\"\"> <h4  class=\"team-colors-membername\">Publicidad\nimpesa<\/h4>  <p  class=\"\">Medios impresos f\u00edsicamente: volantes. folletos, colgantes, tarjetas, etiquetas, posters, carteles, promocionales, Etc.<\/p>  <div  class=\"spacer\" data-type=\"group\"><span  class=\"fa before\"><\/span><i  class=\"fa fa-minus\"><\/i><span  class=\"fa after\"><\/span><\/div><\/div> <div  class=\"team-colors-membericons\" data-type=\"group\"> <a href=\"#\" marked=\"1\" target=\"_self\" data-reiki-hidden=\"true\" rel=\"noopener\"><i  data-cp-fa=\"true\" class=\"team-colors-icon fa fa-linkedin\"><\/i><\/a> <a href=\"#\" marked=\"1\" target=\"_self\" data-reiki-hidden=\"true\" rel=\"noopener\"><i  data-cp-fa=\"true\" class=\"fa team-colors-icon fa-twitter\"><\/i><\/a> <a href=\"#\" marked=\"1\" target=\"_self\" data-reiki-hidden=\"true\" rel=\"noopener\"><i  data-cp-fa=\"true\" class=\"fa team-colors-icon fa-dribbble\"><\/i><\/a> <\/div> <\/div> <\/div> <div  class=\"team-colors-membercol cp3cols cp6cols-tablet\"> <div  class=\"team-colors-membercard\"> <div  class=\"team-colors-background\"><\/div> <div  class=\"team-colors-memberinfo\" data-type=\"column\"><img decoding=\"async\"  class=\"team-colors-memberimg\" data-size=\"500x500\" src=\"https:\/\/ccmcreativos.com\/ccmcreativos\/wp-content\/uploads\/2021\/08\/cropped-backing.jpg\" alt=\"\"> <h4  class=\"team-colors-membername\">Rotulaci\u00f3n comercial<\/h4>  <p  class=\"\">R\u00f3tulos, lonas, banners,  rotulacion de cualquier superficie comercial.\n\n<br ><br ><br >\n<\/p>  <div  class=\"spacer\" data-type=\"group\"><span  class=\"fa before\"><\/span><i  class=\"fa fa-minus\"><\/i><span  class=\"fa after\"><\/span><\/div><\/div> <div  class=\"team-colors-membericons\" data-type=\"group\"> <a href=\"#\" marked=\"1\" target=\"_self\" data-reiki-hidden=\"true\" rel=\"noopener\"><i  data-cp-fa=\"true\" class=\"team-colors-icon fa fa-linkedin\"><\/i><\/a> <a href=\"#\" marked=\"1\" target=\"_self\" data-reiki-hidden=\"true\" rel=\"noopener\"><i  data-cp-fa=\"true\" class=\"fa team-colors-icon fa-twitter\"><\/i><\/a> <a href=\"#\" marked=\"1\" target=\"_self\" data-reiki-hidden=\"true\" rel=\"noopener\"><i  data-cp-fa=\"true\" class=\"fa team-colors-icon fa-dribbble\"><\/i><\/a> <\/div> <\/div> <\/div> <div  class=\"team-colors-membercol cp3cols cp6cols-tablet\"> <div  class=\"team-colors-membercard\"> <div  class=\"team-colors-background\"><\/div> <div  class=\"team-colors-memberinfo\" data-type=\"column\"><img decoding=\"async\"  class=\"team-colors-memberimg\" data-size=\"500x500\" src=\"https:\/\/ccmcreativos.com\/ccmcreativos\/wp-content\/uploads\/2021\/08\/cropped-bordados-1.jpg\" alt=\"\"> <h4  class=\"team-colors-membername\">Bordados<\/h4>  <p  class=\"\">Bordado de calidad. Personalizamos en alto relieve;  tu marca con bordados exclusivos y acabados.\n<\/p>  <div  class=\"spacer\" data-type=\"group\"><span  class=\"fa before\"><\/span><i  class=\"fa fa-minus\"><\/i><span  class=\"fa after\"><\/span><\/div><\/div> <div  class=\"team-colors-membericons\" data-type=\"group\"> <a href=\"#\" marked=\"1\" target=\"_self\" data-reiki-hidden=\"true\" rel=\"noopener\"><i  data-cp-fa=\"true\" class=\"team-colors-icon fa fa-linkedin\"><\/i><\/a> <a href=\"#\" marked=\"1\" target=\"_self\" data-reiki-hidden=\"true\" rel=\"noopener\"><i  data-cp-fa=\"true\" class=\"fa team-colors-icon fa-twitter\"><\/i><\/a> <a href=\"#\" marked=\"1\" target=\"_self\" data-reiki-hidden=\"true\" rel=\"noopener\"><i  data-cp-fa=\"true\" class=\"fa team-colors-icon fa-dribbble\"><\/i><\/a> <\/div> <\/div> <\/div> <\/div> <\/div><\/div><div  data-label=\"Team\" data-id=\"team-small-section\" data-category=\"team\" class=\"team-small-section\" id=\"team-3\" style=\"background-color: rgb(246, 246, 246);\"> <div  class=\"gridContainer dynamic-color\"> <div  class=\"team-small-textcol\" data-type=\"column\"> <h2  class=\"\">Otros productos<\/h2> <p  class=\"\">Diferentes estilos y capacidad con logo impreso en serigraf\u00eda.<\/p> <\/div> <div  class=\"team-small-memberrow\" data-type=\"row\"> <div  class=\"team-small-membercol\"><img decoding=\"async\"  class=\"team-small-memberimg-normal\" data-size=\"500x500\" src=\"https:\/\/ccmcreativos.com\/ccmcreativos\/wp-content\/uploads\/2021\/08\/cropped-Captura-de-pantalla-2021-08-28-a-las-12.43.45.png\" alt=\"\"> <h4  class=\"\">Lapiceros <\/h4>  <div  class=\"team-small-iconsrow\" data-type=\"group\"> <a href=\"#\" target=\"_self\" data-reiki-hidden=\"true\" rel=\"noopener\" marked=\"1\"><i  data-cp-fa=\"true\" class=\"team-icon fa fa-linkedin\"><\/i><\/a> <a href=\"#\" target=\"_self\" data-reiki-hidden=\"true\" rel=\"noopener\" marked=\"1\"><i  data-cp-fa=\"true\" class=\"fa team-icon fa-twitter\"><\/i><\/a> <a href=\"#\" target=\"_self\" data-reiki-hidden=\"true\" rel=\"noopener\" marked=\"1\"><i  data-cp-fa=\"true\" class=\"fa team-icon fa-dribbble\"><\/i><\/a> <\/div> <\/div> <div  class=\"team-small-membercol\"><img decoding=\"async\"  class=\"team-small-memberimg-normal\" data-size=\"500x500\" src=\"https:\/\/ccmcreativos.com\/ccmcreativos\/wp-content\/uploads\/2021\/08\/cropped-o04.png\" alt=\"\"> <h4  class=\"\">Memorias USB<\/h4>  <div  class=\"team-small-iconsrow\" data-type=\"group\"> <a href=\"#\" target=\"_self\" data-reiki-hidden=\"true\" rel=\"noopener\" marked=\"1\"><i  data-cp-fa=\"true\" class=\"team-icon fa fa-linkedin\"><\/i><\/a> <a href=\"#\" target=\"_self\" data-reiki-hidden=\"true\" rel=\"noopener\" marked=\"1\"><i  data-cp-fa=\"true\" class=\"fa team-icon fa-twitter\"><\/i><\/a> <a href=\"#\" target=\"_self\" data-reiki-hidden=\"true\" rel=\"noopener\" marked=\"1\"><i  data-cp-fa=\"true\" class=\"fa team-icon fa-dribbble\"><\/i><\/a> <\/div> <\/div> <div  class=\"team-small-membercol\"><img decoding=\"async\"  class=\"team-small-memberimg-normal\" data-size=\"500x500\" src=\"https:\/\/ccmcreativos.com\/ccmcreativos\/wp-content\/uploads\/2021\/08\/cropped-cropped-o02-1.png\" alt=\"\"> <h4  class=\"\">Tazas de ceramica<\/h4>  <div  class=\"team-small-iconsrow\" data-type=\"group\"> <a href=\"#\" target=\"_self\" data-reiki-hidden=\"true\" rel=\"noopener\" marked=\"1\"><i  data-cp-fa=\"true\" class=\"team-icon fa fa-linkedin\"><\/i><\/a> <a href=\"#\" target=\"_self\" data-reiki-hidden=\"true\" rel=\"noopener\" marked=\"1\"><i  data-cp-fa=\"true\" class=\"fa team-icon fa-twitter\"><\/i><\/a> <a href=\"#\" target=\"_self\" data-reiki-hidden=\"true\" rel=\"noopener\" marked=\"1\"><i  data-cp-fa=\"true\" class=\"fa team-icon fa-dribbble\"><\/i><\/a> <\/div> <\/div> <div  class=\"team-small-membercol\"><img decoding=\"async\"  class=\"team-small-memberimg-normal\" data-size=\"500x500\" src=\"https:\/\/ccmcreativos.com\/ccmcreativos\/wp-content\/uploads\/2021\/08\/cropped-o01-1.png\" alt=\"\"> <h4  class=\"\">Bolsos<\/h4>  <div  class=\"team-small-iconsrow\" data-type=\"group\"> <a href=\"#\" target=\"_self\" data-reiki-hidden=\"true\" rel=\"noopener\" marked=\"1\"><i  data-cp-fa=\"true\" class=\"team-icon fa fa-linkedin\"><\/i><\/a> <a href=\"#\" target=\"_self\" data-reiki-hidden=\"true\" rel=\"noopener\" marked=\"1\"><i  data-cp-fa=\"true\" class=\"fa team-icon fa-twitter\"><\/i><\/a> <a href=\"#\" target=\"_self\" data-reiki-hidden=\"true\" rel=\"noopener\" marked=\"1\"><i  data-cp-fa=\"true\" class=\"fa team-icon fa-dribbble\"><\/i><\/a> <\/div> <\/div> <div  class=\"team-small-membercol\"><img decoding=\"async\"  class=\"team-small-memberimg-normal\" data-size=\"500x500\" src=\"https:\/\/ccmcreativos.com\/ccmcreativos\/wp-content\/uploads\/2021\/08\/cropped-o06-1.png\" alt=\"\"> <h4  class=\"\">Loncheras<\/h4>  <div  class=\"team-small-iconsrow\" data-type=\"group\"> <a href=\"#\" target=\"_self\" data-reiki-hidden=\"true\" rel=\"noopener\" marked=\"1\"><i  data-cp-fa=\"true\" class=\"team-icon fa fa-linkedin\"><\/i><\/a> <a href=\"#\" target=\"_self\" data-reiki-hidden=\"true\" rel=\"noopener\" marked=\"1\"><i  data-cp-fa=\"true\" class=\"fa team-icon fa-twitter\"><\/i><\/a> <a href=\"#\" target=\"_self\" data-reiki-hidden=\"true\" rel=\"noopener\" marked=\"1\"><i  data-cp-fa=\"true\" class=\"fa team-icon fa-dribbble\"><\/i><\/a> <\/div> <\/div> <div  class=\"team-small-membercol\"><img decoding=\"async\"  class=\"team-small-memberimg-normal\" data-size=\"500x500\" src=\"https:\/\/ccmcreativos.com\/ccmcreativos\/wp-content\/uploads\/2021\/08\/cropped-o03.png\" alt=\"\"> <h4  class=\"\">Roll-up <\/h4>  <div  class=\"team-small-iconsrow\" data-type=\"group\"> <a href=\"#\" target=\"_self\" data-reiki-hidden=\"true\" rel=\"noopener\" marked=\"1\"><i  data-cp-fa=\"true\" class=\"team-icon fa fa-linkedin\"><\/i><\/a> <a href=\"#\" target=\"_self\" data-reiki-hidden=\"true\" rel=\"noopener\" marked=\"1\"><i  data-cp-fa=\"true\" class=\"fa team-icon fa-twitter\"><\/i><\/a> <a href=\"#\" target=\"_self\" data-reiki-hidden=\"true\" rel=\"noopener\" marked=\"1\"><i  data-cp-fa=\"true\" class=\"fa team-icon fa-dribbble\"><\/i><\/a> <\/div> <\/div> <\/div> <\/div><\/div><div  id=\"contact-4\" data-label=\"Contact\" data-id=\"contact-section\" data-category=\"contact\" data-bg=\"transparent\" class=\"contact-section-formsection white-text\"> <div  class=\"gridContainer\"> <div  class=\"row_224\"> <div  class=\"contact-textrow\"> <div  class=\"contact-textcol dynamic-color\"> <h2  class=\"\">CCMcreativos<\/h2> <p  class=\"white_text\">Soluciones integrales en publicidad.<\/p> <\/div> <\/div> <\/div> <div  class=\"contact-formcol\" data-content-shortcode=\"one_page_express_contact_form shortcode=&quot;Tel\u00e9fono (503) 2516- 9444&quot;\" data-editable=\"true\">[Tel\u00e9fono (503) 2516- 9444]<\/div> <\/div><\/div>","protected":false},"excerpt":{"rendered":"<p>Promocionales Art\u00edculos promocionales con tu logo en serigraf\u00eda, bordado, grabado laser, impresi\u00f3n UV. MAS INFORMACION Publicidad impresa Medios impresos f\u00edsicamente: volantes. folletos, colgantes, tarjetas, etiquetas, posters, carteles, promocionales, Etc. MAS INFORMACION Rotulaci\u00f3n comercial. R\u00f3tulos, lonas, banners,&nbsp; rotulacion de cualquier superficie comercial. MAS INFORMACION Bordados Bordado de calidad. Personalizamos en alto relieve;&nbsp; tu marca con bordados&hellip; <br \/> <a class=\"button small blue\" href=\"https:\/\/ccmcreativos.com\/ccmcreativos\/2021\/08\/25\/spending-a-day-in-paris-the-best-place-to-go\/\">Leer m\u00e1s<\/a><\/p>\n","protected":false},"author":1,"featured_media":0,"parent":0,"menu_order":0,"comment_status":"closed","ping_status":"closed","template":"","meta":{"footnotes":""},"class_list":["post-601","page","type-page","status-publish","hentry"],"_links":{"self":[{"href":"https:\/\/ccmcreativos.com\/ccmcreativos\/wp-json\/wp\/v2\/pages\/601","targetHints":{"allow":["GET"]}}],"collection":[{"href":"https:\/\/ccmcreativos.com\/ccmcreativos\/wp-json\/wp\/v2\/pages"}],"about":[{"href":"https:\/\/ccmcreativos.com\/ccmcreativos\/wp-json\/wp\/v2\/types\/page"}],"author":[{"embeddable":true,"href":"https:\/\/ccmcreativos.com\/ccmcreativos\/wp-json\/wp\/v2\/users\/1"}],"replies":[{"embeddable":true,"href":"https:\/\/ccmcreativos.com\/ccmcreativos\/wp-json\/wp\/v2\/comments?post=601"}],"version-history":[{"count":43,"href":"https:\/\/ccmcreativos.com\/ccmcreativos\/wp-json\/wp\/v2\/pages\/601\/revisions"}],"predecessor-version":[{"id":824,"href":"https:\/\/ccmcreativos.com\/ccmcreativos\/wp-json\/wp\/v2\/pages\/601\/revisions\/824"}],"wp:attachment":[{"href":"https:\/\/ccmcreativos.com\/ccmcreativos\/wp-json\/wp\/v2\/media?parent=601"}],"curies":[{"name":"wp","href":"https:\/\/api.w.org\/{rel}","templated":true}]}}